{"id":124,"date":"2023-12-31T19:52:54","date_gmt":"2023-12-31T18:52:54","guid":{"rendered":"https:\/\/mont-saint-michel.jfguillou.fr\/?page_id=124"},"modified":"2026-03-06T22:22:44","modified_gmt":"2026-03-06T21:22:44","slug":"webmaster","status":"publish","type":"page","link":"https:\/\/mont-saint-michel.jfguillou.fr\/index.php\/webmaster\/","title":{"rendered":"L&rsquo;auteur"},"content":{"rendered":"\n<p>Jean-Fran\u00e7ois GUILLOU<br><a href=\"mailto:contact@jeanfrancoisguillou.jfguillou.fr\" target=\"_blank\" rel=\"noreferrer noopener\">jean-francois.guillou<\/a><\/p>\n\n\n\n<p>Professeur agr\u00e9g\u00e9 d\u2019histoire-g\u00e9ographie<br>Enseignant au Lyc\u00e9e Camille Saint-Sa\u00ebns (Rouen) depuis 1994<\/p>\n\n\n\n<p><strong>Formation :<\/strong><\/p>\n\n\n\n<ul>\n<li>Agr\u00e9gation d&rsquo;Histoire-G\u00e9ographie<\/li>\n\n\n\n<li>DEA d\u2019histoire culturelle (Universit\u00e9 de Rouen)<\/li>\n\n\n\n<li>Ma\u00eetrise d\u2019histoire (Universit\u00e9 de Paris I \u2013 Panth\u00e9on-Sorbonne)<\/li>\n\n\n\n<li>Licence d\u2019histoire (Universit\u00e9 de Paris I \u2013 Panth\u00e9on-Sorbonne)<\/li>\n\n\n\n<li>Licence de philosophie (Universit\u00e9 de Paris I \u2013 Panth\u00e9on-Sorbonne)<\/li>\n\n\n\n<li>Classes pr\u00e9paratoires Hypokh\u00e2gne et Kh\u00e2gne (Lyc\u00e9e Jeanne d\u2019Arc \u2013 Rouen)<\/li>\n<\/ul>\n\n\n\n<p><strong>Publications :<\/strong><\/p>\n\n\n\n<ul>\n<li><em><a rel=\"noreferrer noopener\" href=\"https:\/\/www.worldcat.org\/fr\/title\/159843355\" target=\"_blank\">Avranches : la loi, le pain et Dieu (1789-1792)<\/a><a rel=\"noreferrer noopener\" href=\"https:\/\/www.worldcat.org\/fr\/title\/799382804\" target=\"_blank\">.<\/a><\/em> Revue de l\u2019Avranchin et du Pays de Granville, 221 p., mars 1985, tome LXII, n\u00b0 322.<\/li>\n\n\n\n<li><em><a rel=\"noreferrer noopener\" href=\"https:\/\/www.worldcat.org\/fr\/title\/53726427\" target=\"_blank\">Les Impressionnistes<\/a><\/em>, Solar, 1990.<\/li>\n\n\n\n<li><em><a rel=\"noreferrer noopener\" href=\"https:\/\/www.worldcat.org\/fr\/title\/34571275\" target=\"_blank\">Le Livre des grands peintres<\/a><\/em>, Solar, 1992.<\/li>\n\n\n\n<li><em><a rel=\"noreferrer noopener\" href=\"https:\/\/www.worldcat.org\/fr\/title\/1245303477\" target=\"_blank\">Les grands classiques de la peinture<\/a><\/em>, Solar, 1995.<\/li>\n\n\n\n<li><em><a rel=\"noreferrer noopener\" href=\"https:\/\/www.amazon.fr\/gp\/product\/2263025561\/ref=dbs_a_def_rwt_hsch_vapi_taft_p1_i0\" target=\"_blank\">La peinture en 1000 photos<\/a><\/em>, Solar, 1997.<\/li>\n\n\n\n<li><em><a rel=\"noreferrer noopener\" href=\"https:\/\/www.worldcat.org\/fr\/title\/407773207\" target=\"_blank\">Le Nil<\/a><\/em>, Time-Life Books, 1997.<\/li>\n\n\n\n<li><a rel=\"noreferrer noopener\" href=\"https:\/\/www.worldcat.org\/fr\/title\/40193261\" target=\"_blank\"><em>Pour la R\u00e9volution fran\u00e7aise. En hommage \u00e0 Claude Mazauric<\/em> (<\/a>ouvrage collectif). Publications de l\u2019Universit\u00e9 de Rouen (I.R.E.D. \u2013 C.R.H.C.T.), 1998.<\/li>\n\n\n\n<li><a rel=\"noreferrer noopener\" href=\"https:\/\/www.worldcat.org\/fr\/title\/492545710\" target=\"_blank\"><em>D\u00e9sir d\u2019Orient, la Peinture orientaliste au XIXe si\u00e8cle<\/em>,<\/a> CD-ROM, Les Temps qui Courent, 1999.<\/li>\n\n\n\n<li><em><a rel=\"noreferrer noopener\" href=\"https:\/\/www.worldcat.org\/fr\/title\/34571275\" target=\"_blank\">Les impressionnistes en 1000 photos,<\/a><\/em> Solar, 1999.<\/li>\n\n\n\n<li><em><a rel=\"noreferrer noopener\" href=\"https:\/\/www.worldcat.org\/fr\/title\/492545726\" target=\"_blank\">Aux sources bibliques de l\u2019art occidental, l\u2019Ancien Testament<\/a><\/em>, CD-ROM, Les Temps qui Courent, 1999.<\/li>\n\n\n\n<li><em><a rel=\"noreferrer noopener\" href=\"https:\/\/www.amazon.fr\/petit-livre-dans-main-lange\/dp\/1793278172\/ref=tmm_pap_swatch_0?_encoding=UTF8&amp;qid=1674323569&amp;sr=1-2\" target=\"_blank\">Le petit livre dans la main de l\u2019ange<\/a><\/em>, roman, 2019.<\/li>\n\n\n\n<li><em><a rel=\"noreferrer noopener\" href=\"https:\/\/www.amazon.fr\/Salom%C3%A9-mourut-%C3%A0-contrecoeur-roman\/dp\/1794048529\/ref=tmm_pap_swatch_0?_encoding=UTF8&amp;qid=1674323794&amp;sr=1-1-fkmr0\" target=\"_blank\">Salom\u00e9 mourut \u00e0 contrecoeur<\/a><\/em>, roman, 2019.<\/li>\n<\/ul>\n","protected":false},"excerpt":{"rendered":"<p>Jean-Fran\u00e7ois GUILLOUjean-francois.guillou Professeur agr\u00e9g\u00e9 d\u2019histoire-g\u00e9ographieEnseignant au Lyc\u00e9e Camille Saint-Sa\u00ebns (Rouen) depuis 1994 Formation : Publications :<\/p>\n","protected":false},"author":1,"featured_media":0,"parent":0,"menu_order":0,"comment_status":"closed","ping_status":"closed","template":"","meta":{"footnotes":""},"jetpack_sharing_enabled":true,"_links":{"self":[{"href":"https:\/\/mont-saint-michel.jfguillou.fr\/index.php\/wp-json\/wp\/v2\/pages\/124"}],"collection":[{"href":"https:\/\/mont-saint-michel.jfguillou.fr\/index.php\/wp-json\/wp\/v2\/pages"}],"about":[{"href":"https:\/\/mont-saint-michel.jfguillou.fr\/index.php\/wp-json\/wp\/v2\/types\/page"}],"author":[{"embeddable":true,"href":"https:\/\/mont-saint-michel.jfguillou.fr\/index.php\/wp-json\/wp\/v2\/users\/1"}],"replies":[{"embeddable":true,"href":"https:\/\/mont-saint-michel.jfguillou.fr\/index.php\/wp-json\/wp\/v2\/comments?post=124"}],"version-history":[{"count":8,"href":"https:\/\/mont-saint-michel.jfguillou.fr\/index.php\/wp-json\/wp\/v2\/pages\/124\/revisions"}],"predecessor-version":[{"id":1311,"href":"https:\/\/mont-saint-michel.jfguillou.fr\/index.php\/wp-json\/wp\/v2\/pages\/124\/revisions\/1311"}],"wp:attachment":[{"href":"https:\/\/mont-saint-michel.jfguillou.fr\/index.php\/wp-json\/wp\/v2\/media?parent=124"}],"curies":[{"name":"wp","href":"https:\/\/api.w.org\/{rel}","templated":true}]}}